{"id":4483,"date":"2021-01-07T19:48:34","date_gmt":"2021-01-07T19:48:34","guid":{"rendered":"https:\/\/timrent.me\/kontakt-iznajmljivanje-vozila-bar\/"},"modified":"2023-02-07T14:42:19","modified_gmt":"2023-02-07T14:42:19","slug":"contact","status":"publish","type":"page","link":"https:\/\/timrent.me\/en\/contact\/","title":{"rendered":"Contact"},"content":{"rendered":"<div  class=\"one withsmallpadding\" style=\"padding:40px 0 40px 0;\" >\n<div class=\"standard_wrapper\">\n<div class=\"page_content_wrapper\">\n<div class=\"inner\">\n<div class=\"inner_wrapper\">\n<div class=\"sidebar_content \">\n<h3>Contact info.<\/h3>\n<p><strong>Phone:<\/strong> +382 68\/682-582<img style=\"height: 20px; width: 20px;\" src=\"https:\/\/timrent.me\/wp-content\/uploads\/2021\/01\/whatsapp.png\" alt=\"\" \/><img style=\"height: 20px; width: 20px;\" src=\"https:\/\/timrent.me\/wp-content\/uploads\/2021\/01\/viber.png\" alt=\"\" \/><br \/>\n<strong>Email:<\/strong> info@timrent.me<br \/>\n<strong>Address:<\/strong> Ulica Po\u017eareva\u010dka, Makedonsko, Bar, Crna Gora.<\/p>\n<p><iframe src=\"https:\/\/www.google.com\/maps\/embed?pb=!1m18!1m12!1m3!1d740.0925114641989!2d19.102572835710284!3d42.0995449896184!2m3!1f0!2f0!3f0!3m2!1i1024!2i768!4f13.1!3m3!1m2!1s0x0%3A0x24b54635a5d14489!2zNDLCsDA1JzU4LjQiTiAxOcKwMDYnMTMuMyJF!5e0!3m2!1sen!2s!4v1675780640122!5m2!1sen!2s\" width=\"100%\" height=\"570\" style=\"border:0;\" allowfullscreen=\"\" loading=\"lazy\" referrerpolicy=\"no-referrer-when-downgrade\"><\/iframe><\/p>\n<\/div>\n<div class=\"sidebar_wrapper \">\n<div class=\"sidebar\">\n<div class=\"content\">\n<ul class=\"sidebar_widget\">\n<li id=\"archives-2\" class=\"widget widget_archive\">\n<h2 class=\"widgettitle\">Archives<\/h2>\n<ul>\n<li><a href='https:\/\/timrent.me\/2021\/01\/'>Januar 2021<\/a><\/li>\n<\/ul>\n<\/li>\n<li id=\"text-8\" class=\"widget widget_text\">\n<h2 class=\"widgettitle\">Pi\u0161ite nam<\/h2>\n<div class=\"textwidget\">\n<div role=\"form\" class=\"wpcf7\" id=\"wpcf7-f6-o1\" lang=\"en-US\" dir=\"ltr\">\n<div class=\"screen-reader-response\">\n<p role=\"status\" aria-live=\"polite\" aria-atomic=\"true\">\n<ul><\/ul>\n<\/div>\n<form action=\"\/wp-admin\/post.php#wpcf7-f6-o1\" method=\"post\" class=\"wpcf7-form init\" novalidate=\"novalidate\" data-status=\"init\">\n<div style=\"display: none;\">\n<input type=\"hidden\" name=\"_wpcf7\" value=\"6\" \/><br \/>\n<input type=\"hidden\" name=\"_wpcf7_version\" value=\"5.3.2\" \/><br \/>\n<input type=\"hidden\" name=\"_wpcf7_locale\" value=\"en_US\" \/><br \/>\n<input type=\"hidden\" name=\"_wpcf7_unit_tag\" value=\"wpcf7-f6-o1\" \/><br \/>\n<input type=\"hidden\" name=\"_wpcf7_container_post\" value=\"0\" \/><br \/>\n<input type=\"hidden\" name=\"_wpcf7_posted_data_hash\" value=\"\" \/>\n<\/div>\n<p><label> Ime<br \/>\n    <span class=\"wpcf7-form-control-wrap your-name\"><input type=\"text\" name=\"your-name\" value=\"\" size=\"40\" class=\"wpcf7-form-control wpcf7-text wpcf7-validates-as-required\" aria-required=\"true\" aria-invalid=\"false\" \/><\/span> <\/label><\/p>\n<p><label> Email<br \/>\n    <span class=\"wpcf7-form-control-wrap your-email\"><input type=\"email\" name=\"your-email\" value=\"\" size=\"40\" class=\"wpcf7-form-control wpcf7-text wpcf7-email wpcf7-validates-as-required wpcf7-validates-as-email\" aria-required=\"true\" aria-invalid=\"false\" \/><\/span> <\/label><\/p>\n<p><label> Predmet<br \/>\n    <span class=\"wpcf7-form-control-wrap your-subject\"><input type=\"text\" name=\"your-subject\" value=\"\" size=\"40\" class=\"wpcf7-form-control wpcf7-text wpcf7-validates-as-required\" aria-required=\"true\" aria-invalid=\"false\" \/><\/span> <\/label><\/p>\n<p><label> Poruka<br \/>\n    <span class=\"wpcf7-form-control-wrap your-message\"><textarea name=\"your-message\" cols=\"40\" rows=\"10\" class=\"wpcf7-form-control wpcf7-textarea\" aria-invalid=\"false\"><\/textarea><\/span> <\/label><\/p>\n<p><input type=\"submit\" value=\"PO\u0160ALJI\" class=\"wpcf7-form-control wpcf7-submit\" \/><\/p>\n<div class=\"wpcf7-response-output\" aria-hidden=\"true\"><\/div>\n<\/form>\n<\/div>\n<\/div>\n<\/li>\n<li id=\"text-12\" class=\"widget widget_text\">\n<h2 class=\"widgettitle\">Write to us<\/h2>\n<div class=\"textwidget\">\n<div role=\"form\" class=\"wpcf7\" id=\"wpcf7-f4488-o2\" lang=\"en-US\" dir=\"ltr\">\n<div class=\"screen-reader-response\">\n<p role=\"status\" aria-live=\"polite\" aria-atomic=\"true\">\n<ul><\/ul>\n<\/div>\n<form action=\"\/wp-admin\/post.php#wpcf7-f4488-o2\" method=\"post\" class=\"wpcf7-form init\" novalidate=\"novalidate\" data-status=\"init\">\n<div style=\"display: none;\">\n<input type=\"hidden\" name=\"_wpcf7\" value=\"4488\" \/><br \/>\n<input type=\"hidden\" name=\"_wpcf7_version\" value=\"5.3.2\" \/><br \/>\n<input type=\"hidden\" name=\"_wpcf7_locale\" value=\"en_US\" \/><br \/>\n<input type=\"hidden\" name=\"_wpcf7_unit_tag\" value=\"wpcf7-f4488-o2\" \/><br \/>\n<input type=\"hidden\" name=\"_wpcf7_container_post\" value=\"0\" \/><br \/>\n<input type=\"hidden\" name=\"_wpcf7_posted_data_hash\" value=\"\" \/>\n<\/div>\n<p><label> Name<br \/>\n    <span class=\"wpcf7-form-control-wrap your-name\"><input type=\"text\" name=\"your-name\" value=\"\" size=\"40\" class=\"wpcf7-form-control wpcf7-text wpcf7-validates-as-required\" aria-required=\"true\" aria-invalid=\"false\" \/><\/span> <\/label><\/p>\n<p><label> Email<br \/>\n    <span class=\"wpcf7-form-control-wrap your-email\"><input type=\"email\" name=\"your-email\" value=\"\" size=\"40\" class=\"wpcf7-form-control wpcf7-text wpcf7-email wpcf7-validates-as-required wpcf7-validates-as-email\" aria-required=\"true\" aria-invalid=\"false\" \/><\/span> <\/label><\/p>\n<p><label> Subject<br \/>\n    <span class=\"wpcf7-form-control-wrap your-subject\"><input type=\"text\" name=\"your-subject\" value=\"\" size=\"40\" class=\"wpcf7-form-control wpcf7-text wpcf7-validates-as-required\" aria-required=\"true\" aria-invalid=\"false\" \/><\/span> <\/label><\/p>\n<p><label> Message<br \/>\n    <span class=\"wpcf7-form-control-wrap your-message\"><textarea name=\"your-message\" cols=\"40\" rows=\"10\" class=\"wpcf7-form-control wpcf7-textarea\" aria-invalid=\"false\"><\/textarea><\/span> <\/label><\/p>\n<p><input type=\"submit\" value=\"SEND\" class=\"wpcf7-form-control wpcf7-submit\" \/><\/p>\n<div class=\"wpcf7-response-output\" aria-hidden=\"true\"><\/div>\n<\/form>\n<\/div>\n<\/div>\n<\/li>\n<\/ul>\n<\/div>\n<\/div>\n<\/div>\n<\/div>\n<\/div>\n<\/div>\n<\/div>\n<\/div>\n","protected":false},"excerpt":{"rendered":"<p>Contact info. Phone: +382 68\/682-582 Email: info@timrent.me Address: Ulica Po\u017eareva\u010dka, Makedonsko, Bar, Crna Gora. Archives Januar 2021 Pi\u0161ite nam Ime Email Predmet Poruka Write to us Name Email Subject Message<\/p>\n","protected":false},"author":1,"featured_media":3740,"parent":0,"menu_order":0,"comment_status":"closed","ping_status":"closed","template":"","meta":[],"yoast_head":"<!-- This site is optimized with the Yoast SEO plugin v15.5 - https:\/\/yoast.com\/wordpress\/plugins\/seo\/ -->\n<title>Car rental Bar- Tim Rent a Car - Contact<\/title>\n<meta name=\"description\" content=\"Tim rent , je firma sa sedi\u0161tem u Baru, a bavi se iznajmljivanjem vozla Bar, razli\u010ditih tipova na teritoriji cijele Crne Gore.\" \/>\n<meta name=\"robots\" content=\"index, follow, max-snippet:-1, max-image-preview:large, max-video-preview:-1\" \/>\n<link rel=\"canonical\" href=\"https:\/\/timrent.me\/en\/contact\/\" \/>\n<meta property=\"og:locale\" content=\"en_US\" \/>\n<meta property=\"og:type\" content=\"article\" \/>\n<meta property=\"og:title\" content=\"Car rental Bar- Tim Rent a Car - Contact\" \/>\n<meta property=\"og:description\" content=\"Tim rent , je firma sa sedi\u0161tem u Baru, a bavi se iznajmljivanjem vozla Bar, razli\u010ditih tipova na teritoriji cijele Crne Gore.\" \/>\n<meta property=\"og:url\" content=\"https:\/\/timrent.me\/en\/contact\/\" \/>\n<meta property=\"og:site_name\" content=\"Tim Rent\" \/>\n<meta property=\"article:modified_time\" content=\"2023-02-07T14:42:19+00:00\" \/>\n<meta property=\"og:image\" content=\"https:\/\/timrent.me\/wp-content\/uploads\/2021\/01\/kontakt.jpg\" \/>\n\t<meta property=\"og:image:width\" content=\"1920\" \/>\n\t<meta property=\"og:image:height\" content=\"750\" \/>\n<meta name=\"twitter:card\" content=\"summary_large_image\" \/>\n<meta name=\"twitter:label1\" content=\"Est. reading time\">\n\t<meta name=\"twitter:data1\" content=\"0 minutes\">\n<script type=\"application\/ld+json\" class=\"yoast-schema-graph\">{\"@context\":\"https:\/\/schema.org\",\"@graph\":[{\"@type\":\"WebSite\",\"@id\":\"https:\/\/timrent.me\/#website\",\"url\":\"https:\/\/timrent.me\/\",\"name\":\"Tim Rent\",\"description\":\"Iznajmljivanje vozila\",\"potentialAction\":[{\"@type\":\"SearchAction\",\"target\":\"https:\/\/timrent.me\/?s={search_term_string}\",\"query-input\":\"required name=search_term_string\"}],\"inLanguage\":\"en-US\"},{\"@type\":\"ImageObject\",\"@id\":\"https:\/\/timrent.me\/en\/contact\/#primaryimage\",\"inLanguage\":\"en-US\",\"url\":\"https:\/\/timrent.me\/wp-content\/uploads\/2021\/01\/kontakt.jpg\",\"width\":1920,\"height\":750},{\"@type\":\"WebPage\",\"@id\":\"https:\/\/timrent.me\/en\/contact\/#webpage\",\"url\":\"https:\/\/timrent.me\/en\/contact\/\",\"name\":\"Car rental Bar- Tim Rent a Car - Contact\",\"isPartOf\":{\"@id\":\"https:\/\/timrent.me\/#website\"},\"primaryImageOfPage\":{\"@id\":\"https:\/\/timrent.me\/en\/contact\/#primaryimage\"},\"datePublished\":\"2021-01-07T19:48:34+00:00\",\"dateModified\":\"2023-02-07T14:42:19+00:00\",\"description\":\"Tim rent , je firma sa sedi\\u0161tem u Baru, a bavi se iznajmljivanjem vozla Bar, razli\\u010ditih tipova na teritoriji cijele Crne Gore.\",\"inLanguage\":\"en-US\",\"potentialAction\":[{\"@type\":\"ReadAction\",\"target\":[\"https:\/\/timrent.me\/en\/contact\/\"]}]}]}<\/script>\n<!-- \/ Yoast SEO plugin. -->","_links":{"self":[{"href":"https:\/\/timrent.me\/en\/wp-json\/wp\/v2\/pages\/4483"}],"collection":[{"href":"https:\/\/timrent.me\/en\/wp-json\/wp\/v2\/pages"}],"about":[{"href":"https:\/\/timrent.me\/en\/wp-json\/wp\/v2\/types\/page"}],"author":[{"embeddable":true,"href":"https:\/\/timrent.me\/en\/wp-json\/wp\/v2\/users\/1"}],"replies":[{"embeddable":true,"href":"https:\/\/timrent.me\/en\/wp-json\/wp\/v2\/comments?post=4483"}],"version-history":[{"count":6,"href":"https:\/\/timrent.me\/en\/wp-json\/wp\/v2\/pages\/4483\/revisions"}],"predecessor-version":[{"id":4967,"href":"https:\/\/timrent.me\/en\/wp-json\/wp\/v2\/pages\/4483\/revisions\/4967"}],"wp:featuredmedia":[{"embeddable":true,"href":"https:\/\/timrent.me\/en\/wp-json\/wp\/v2\/media\/3740"}],"wp:attachment":[{"href":"https:\/\/timrent.me\/en\/wp-json\/wp\/v2\/media?parent=4483"}],"curies":[{"name":"wp","href":"https:\/\/api.w.org\/{rel}","templated":true}]}}